{"id":71,"date":"2024-03-25T08:39:51","date_gmt":"2024-03-25T07:39:51","guid":{"rendered":"https:\/\/mythosmedia.fr\/?page_id=71"},"modified":"2024-03-30T15:32:02","modified_gmt":"2024-03-30T14:32:02","slug":"qui-sommes-nous","status":"publish","type":"page","link":"https:\/\/mythosmedia.fr\/?page_id=71","title":{"rendered":"Qui sommes-nous ?"},"content":{"rendered":"\n<p>Kalimera !<\/p>\n\n\n\n<p>Ici la 45e promotion de l\u2019Institut Pratique de Journalisme de l&rsquo;universit\u00e9 Dauphine I PSL. Pendant dix jours, 14 journalistes \u00e0 Ath\u00e8nes et 3 \u00e0 Paris vous racontent la Gr\u00e8ce, telle que vous ne l\u2019avez jamais vue ! Les Cyclades, le sirtaki et la feta, vous connaissez sans doute.<\/p>\n\n\n\n<p>Mais que savez-vous du g\u00e9n\u00e9ral Kolokostroni, du destin des infrastructures des Jeux olympiques de 2004 ou des in\u00e9galit\u00e9s croissantes au sein de la soci\u00e9t\u00e9 grecque ?<\/p>\n\n\n\n<p>La r\u00e9daction vous offre un condens\u00e9 d\u2019informations locales, de d\u00e9couvertes surprenantes et de t\u00e9moignages parlants pour comprendre la R\u00e9publique hell\u00e9nique.<\/p>\n\n\n\n<p>Pour ne rien manquer, abonnez-vous et suivez-nous sur les r\u00e9seaux !<\/p>\n\n\n\n<p><strong>La r\u00e9dac de Mythos (\u00e0 prononcer \u00ab mythosse \u00bb)<\/strong><\/p>\n\n\n\n<p><strong>\u00c9milie Barthe, Ludivine Blazy, C\u00e9cile Bonneau, Cassandre Braud, Klara Durand, Ga\u00eblle Fonseca, Camille Lepape, Juliette Messa, Charles Plantade, Emma Poesy, Tom Prevot, Margaux Quais, Baptiste Roux, Yemcel Sadou, Capucine Taconet, Fleur Tirloy et Mayal\u00e8ne Tr\u00e9molet.<\/strong><\/p>\n\n\n\n<p><\/p>\n\n\n\n<p><em><strong>Tous nos remerciements \u00e0 Ath\u00e9na Constantinou et Anna Psaroudakis, nos deux fixeuses ath\u00e9niennes, qui nous ont accompagn\u00e9s  pour pr\u00e9parer nos reportages et aller \u00e0 la rencontre de leurs compatriotes.<\/strong><\/em><\/p>\n\n\n\n<div style=\"height:34px\" aria-hidden=\"true\" class=\"wp-block-spacer\"><\/div>\n\n\n\n<p><\/p>\n","protected":false},"excerpt":{"rendered":"<p>Kalimera ! Ici la 45e promotion de l\u2019Institut Pratique de Journalisme de l&rsquo;universit\u00e9 Dauphine I PSL. Pendant dix jours, 14 journalistes \u00e0 Ath\u00e8nes et 3 \u00e0 Paris vous racontent la Gr\u00e8ce, telle que vous ne l\u2019avez jamais vue ! Les Cyclades, le sirtaki et la feta, vous connaissez sans doute. Mais que savez-vous du g\u00e9n\u00e9ral&#8230;<\/p>\n","protected":false},"author":16,"featured_media":70,"parent":0,"menu_order":0,"comment_status":"closed","ping_status":"closed","template":"","meta":{"footnotes":""},"yoast_head":"<!-- This site is optimized with the Yoast SEO plugin v23.0 - https:\/\/yoast.com\/wordpress\/plugins\/seo\/ -->\n<title>Qui sommes-nous ? - Mythos Media<\/title>\n<meta name=\"robots\" content=\"index, follow, max-snippet:-1, max-image-preview:large, max-video-preview:-1\" \/>\n<link rel=\"canonical\" href=\"https:\/\/mythosmedia.fr\/?page_id=71\" \/>\n<meta property=\"og:locale\" content=\"fr_FR\" \/>\n<meta property=\"og:type\" content=\"article\" \/>\n<meta property=\"og:title\" content=\"Qui sommes-nous ? - Mythos Media\" \/>\n<meta property=\"og:description\" content=\"Kalimera ! Ici la 45e promotion de l\u2019Institut Pratique de Journalisme de l&rsquo;universit\u00e9 Dauphine I PSL. Pendant dix jours, 14 journalistes \u00e0 Ath\u00e8nes et 3 \u00e0 Paris vous racontent la Gr\u00e8ce, telle que vous ne l\u2019avez jamais vue ! Les Cyclades, le sirtaki et la feta, vous connaissez sans doute. Mais que savez-vous du g\u00e9n\u00e9ral...\" \/>\n<meta property=\"og:url\" content=\"https:\/\/mythosmedia.fr\/?page_id=71\" \/>\n<meta property=\"og:site_name\" content=\"Mythos Media\" \/>\n<meta property=\"article:modified_time\" content=\"2024-03-30T14:32:02+00:00\" \/>\n<meta property=\"og:image\" content=\"https:\/\/mythosmedia.fr\/wp-content\/uploads\/2024\/03\/IMG-20240323-WA0019.jpg\" \/>\n\t<meta property=\"og:image:width\" content=\"1200\" \/>\n\t<meta property=\"og:image:height\" content=\"1600\" \/>\n\t<meta property=\"og:image:type\" content=\"image\/jpeg\" \/>\n<meta name=\"twitter:card\" content=\"summary_large_image\" \/>\n<meta name=\"twitter:site\" content=\"@MythosMedia\" \/>\n<meta name=\"twitter:label1\" content=\"Dur\u00e9e de lecture estim\u00e9e\" \/>\n\t<meta name=\"twitter:data1\" content=\"2 minutes\" \/>\n<script type=\"application\/ld+json\" class=\"yoast-schema-graph\">{\"@context\":\"https:\/\/schema.org\",\"@graph\":[{\"@type\":\"WebPage\",\"@id\":\"https:\/\/mythosmedia.fr\/?page_id=71\",\"url\":\"https:\/\/mythosmedia.fr\/?page_id=71\",\"name\":\"Qui sommes-nous ? - Mythos Media\",\"isPartOf\":{\"@id\":\"https:\/\/mythosmedia.fr\/#website\"},\"primaryImageOfPage\":{\"@id\":\"https:\/\/mythosmedia.fr\/?page_id=71#primaryimage\"},\"image\":{\"@id\":\"https:\/\/mythosmedia.fr\/?page_id=71#primaryimage\"},\"thumbnailUrl\":\"https:\/\/mythosmedia.fr\/wp-content\/uploads\/2024\/03\/IMG-20240323-WA0019.jpg\",\"datePublished\":\"2024-03-25T07:39:51+00:00\",\"dateModified\":\"2024-03-30T14:32:02+00:00\",\"breadcrumb\":{\"@id\":\"https:\/\/mythosmedia.fr\/?page_id=71#breadcrumb\"},\"inLanguage\":\"fr-FR\",\"potentialAction\":[{\"@type\":\"ReadAction\",\"target\":[\"https:\/\/mythosmedia.fr\/?page_id=71\"]}]},{\"@type\":\"ImageObject\",\"inLanguage\":\"fr-FR\",\"@id\":\"https:\/\/mythosmedia.fr\/?page_id=71#primaryimage\",\"url\":\"https:\/\/mythosmedia.fr\/wp-content\/uploads\/2024\/03\/IMG-20240323-WA0019.jpg\",\"contentUrl\":\"https:\/\/mythosmedia.fr\/wp-content\/uploads\/2024\/03\/IMG-20240323-WA0019.jpg\",\"width\":1200,\"height\":1600,\"caption\":\"La bande de mythos\"},{\"@type\":\"BreadcrumbList\",\"@id\":\"https:\/\/mythosmedia.fr\/?page_id=71#breadcrumb\",\"itemListElement\":[{\"@type\":\"ListItem\",\"position\":1,\"name\":\"Accueil\",\"item\":\"https:\/\/mythosmedia.fr\/\"},{\"@type\":\"ListItem\",\"position\":2,\"name\":\"Qui sommes-nous ?\"}]},{\"@type\":\"WebSite\",\"@id\":\"https:\/\/mythosmedia.fr\/#website\",\"url\":\"https:\/\/mythosmedia.fr\/\",\"name\":\"Mythos Media\",\"description\":\"La Gr\u00e8ce, au-del\u00e0 des mythes\",\"publisher\":{\"@id\":\"https:\/\/mythosmedia.fr\/#organization\"},\"potentialAction\":[{\"@type\":\"SearchAction\",\"target\":{\"@type\":\"EntryPoint\",\"urlTemplate\":\"https:\/\/mythosmedia.fr\/?s={search_term_string}\"},\"query-input\":\"required name=search_term_string\"}],\"inLanguage\":\"fr-FR\"},{\"@type\":\"Organization\",\"@id\":\"https:\/\/mythosmedia.fr\/#organization\",\"name\":\"Mythos Media\",\"url\":\"https:\/\/mythosmedia.fr\/\",\"logo\":{\"@type\":\"ImageObject\",\"inLanguage\":\"fr-FR\",\"@id\":\"https:\/\/mythosmedia.fr\/#\/schema\/logo\/image\/\",\"url\":\"https:\/\/mythosmedia.fr\/wp-content\/uploads\/2024\/03\/My-hos-2.png\",\"contentUrl\":\"https:\/\/mythosmedia.fr\/wp-content\/uploads\/2024\/03\/My-hos-2.png\",\"width\":500,\"height\":500,\"caption\":\"Mythos Media\"},\"image\":{\"@id\":\"https:\/\/mythosmedia.fr\/#\/schema\/logo\/image\/\"},\"sameAs\":[\"https:\/\/x.com\/MythosMedia\",\"https:\/\/instagram.com\/mythos_medias\",\"http:\/\/tiktok.com\/@mythosmedia\",\"https:\/\/www.youtube.com\/channel\/UCzEZMiioqH7opirM3msBgGA\"]}]}<\/script>\n<!-- \/ Yoast SEO plugin. -->","yoast_head_json":{"title":"Qui sommes-nous ? - Mythos Media","robots":{"index":"index","follow":"follow","max-snippet":"max-snippet:-1","max-image-preview":"max-image-preview:large","max-video-preview":"max-video-preview:-1"},"canonical":"https:\/\/mythosmedia.fr\/?page_id=71","og_locale":"fr_FR","og_type":"article","og_title":"Qui sommes-nous ? - Mythos Media","og_description":"Kalimera ! Ici la 45e promotion de l\u2019Institut Pratique de Journalisme de l&rsquo;universit\u00e9 Dauphine I PSL. Pendant dix jours, 14 journalistes \u00e0 Ath\u00e8nes et 3 \u00e0 Paris vous racontent la Gr\u00e8ce, telle que vous ne l\u2019avez jamais vue ! Les Cyclades, le sirtaki et la feta, vous connaissez sans doute. Mais que savez-vous du g\u00e9n\u00e9ral...","og_url":"https:\/\/mythosmedia.fr\/?page_id=71","og_site_name":"Mythos Media","article_modified_time":"2024-03-30T14:32:02+00:00","og_image":[{"width":1200,"height":1600,"url":"https:\/\/mythosmedia.fr\/wp-content\/uploads\/2024\/03\/IMG-20240323-WA0019.jpg","type":"image\/jpeg"}],"twitter_card":"summary_large_image","twitter_site":"@MythosMedia","twitter_misc":{"Dur\u00e9e de lecture estim\u00e9e":"2 minutes"},"schema":{"@context":"https:\/\/schema.org","@graph":[{"@type":"WebPage","@id":"https:\/\/mythosmedia.fr\/?page_id=71","url":"https:\/\/mythosmedia.fr\/?page_id=71","name":"Qui sommes-nous ? - Mythos Media","isPartOf":{"@id":"https:\/\/mythosmedia.fr\/#website"},"primaryImageOfPage":{"@id":"https:\/\/mythosmedia.fr\/?page_id=71#primaryimage"},"image":{"@id":"https:\/\/mythosmedia.fr\/?page_id=71#primaryimage"},"thumbnailUrl":"https:\/\/mythosmedia.fr\/wp-content\/uploads\/2024\/03\/IMG-20240323-WA0019.jpg","datePublished":"2024-03-25T07:39:51+00:00","dateModified":"2024-03-30T14:32:02+00:00","breadcrumb":{"@id":"https:\/\/mythosmedia.fr\/?page_id=71#breadcrumb"},"inLanguage":"fr-FR","potentialAction":[{"@type":"ReadAction","target":["https:\/\/mythosmedia.fr\/?page_id=71"]}]},{"@type":"ImageObject","inLanguage":"fr-FR","@id":"https:\/\/mythosmedia.fr\/?page_id=71#primaryimage","url":"https:\/\/mythosmedia.fr\/wp-content\/uploads\/2024\/03\/IMG-20240323-WA0019.jpg","contentUrl":"https:\/\/mythosmedia.fr\/wp-content\/uploads\/2024\/03\/IMG-20240323-WA0019.jpg","width":1200,"height":1600,"caption":"La bande de mythos"},{"@type":"BreadcrumbList","@id":"https:\/\/mythosmedia.fr\/?page_id=71#breadcrumb","itemListElement":[{"@type":"ListItem","position":1,"name":"Accueil","item":"https:\/\/mythosmedia.fr\/"},{"@type":"ListItem","position":2,"name":"Qui sommes-nous ?"}]},{"@type":"WebSite","@id":"https:\/\/mythosmedia.fr\/#website","url":"https:\/\/mythosmedia.fr\/","name":"Mythos Media","description":"La Gr\u00e8ce, au-del\u00e0 des mythes","publisher":{"@id":"https:\/\/mythosmedia.fr\/#organization"},"potentialAction":[{"@type":"SearchAction","target":{"@type":"EntryPoint","urlTemplate":"https:\/\/mythosmedia.fr\/?s={search_term_string}"},"query-input":"required name=search_term_string"}],"inLanguage":"fr-FR"},{"@type":"Organization","@id":"https:\/\/mythosmedia.fr\/#organization","name":"Mythos Media","url":"https:\/\/mythosmedia.fr\/","logo":{"@type":"ImageObject","inLanguage":"fr-FR","@id":"https:\/\/mythosmedia.fr\/#\/schema\/logo\/image\/","url":"https:\/\/mythosmedia.fr\/wp-content\/uploads\/2024\/03\/My-hos-2.png","contentUrl":"https:\/\/mythosmedia.fr\/wp-content\/uploads\/2024\/03\/My-hos-2.png","width":500,"height":500,"caption":"Mythos Media"},"image":{"@id":"https:\/\/mythosmedia.fr\/#\/schema\/logo\/image\/"},"sameAs":["https:\/\/x.com\/MythosMedia","https:\/\/instagram.com\/mythos_medias","http:\/\/tiktok.com\/@mythosmedia","https:\/\/www.youtube.com\/channel\/UCzEZMiioqH7opirM3msBgGA"]}]}},"_links":{"self":[{"href":"https:\/\/mythosmedia.fr\/index.php?rest_route=\/wp\/v2\/pages\/71"}],"collection":[{"href":"https:\/\/mythosmedia.fr\/index.php?rest_route=\/wp\/v2\/pages"}],"about":[{"href":"https:\/\/mythosmedia.fr\/index.php?rest_route=\/wp\/v2\/types\/page"}],"author":[{"embeddable":true,"href":"https:\/\/mythosmedia.fr\/index.php?rest_route=\/wp\/v2\/users\/16"}],"replies":[{"embeddable":true,"href":"https:\/\/mythosmedia.fr\/index.php?rest_route=%2Fwp%2Fv2%2Fcomments&post=71"}],"version-history":[{"count":13,"href":"https:\/\/mythosmedia.fr\/index.php?rest_route=\/wp\/v2\/pages\/71\/revisions"}],"predecessor-version":[{"id":345,"href":"https:\/\/mythosmedia.fr\/index.php?rest_route=\/wp\/v2\/pages\/71\/revisions\/345"}],"wp:featuredmedia":[{"embeddable":true,"href":"https:\/\/mythosmedia.fr\/index.php?rest_route=\/wp\/v2\/media\/70"}],"wp:attachment":[{"href":"https:\/\/mythosmedia.fr\/index.php?rest_route=%2Fwp%2Fv2%2Fmedia&parent=71"}],"curies":[{"name":"wp","href":"https:\/\/api.w.org\/{rel}","templated":true}]}}